{"id":1255,"date":"2024-06-15T07:57:28","date_gmt":"2024-06-15T07:57:28","guid":{"rendered":"https:\/\/artlyeg.com\/wordpress_m\/%d8%aa%d9%88%d8%a7%d8%b5%d9%84-%d9%85%d8%b9%d9%86%d8%a7\/"},"modified":"2025-11-15T16:00:08","modified_gmt":"2025-11-15T16:00:08","slug":"%d8%aa%d9%88%d8%a7%d8%b5%d9%84-%d9%85%d8%b9%d9%86%d8%a7","status":"publish","type":"page","link":"https:\/\/sxp-trade.com\/en\/%d8%aa%d9%88%d8%a7%d8%b5%d9%84-%d9%85%d8%b9%d9%86%d8%a7\/","title":{"rendered":"Contact us"},"content":{"rendered":"\t\t<div data-elementor-type=\"wp-page\" data-elementor-id=\"1255\" class=\"elementor elementor-1255 elementor-19\" data-elementor-post-type=\"page\">\n\t\t\t\t<div class=\"elementor-element elementor-element-626ceea e-flex e-con-boxed e-con e-parent\" data-id=\"626ceea\" data-element_type=\"container\" data-settings=\"{&quot;background_background&quot;:&quot;classic&quot;}\">\n\t\t\t\t\t<div class=\"e-con-inner\">\n\t\t\t\t<div class=\"elementor-element elementor-element-9b5a470 elementor-widget elementor-widget-heading\" data-id=\"9b5a470\" data-element_type=\"widget\" data-widget_type=\"heading.default\">\n\t\t\t\t<div class=\"elementor-widget-container\">\n\t\t\t\t\t<h2 class=\"elementor-heading-title elementor-size-default\">Contact us<\/h2>\t\t\t\t<\/div>\n\t\t\t\t<\/div>\n\t\t\t\t\t<\/div>\n\t\t\t\t<\/div>\n\t\t<div class=\"elementor-element elementor-element-8ec6e75 e-flex e-con-boxed e-con e-parent\" data-id=\"8ec6e75\" data-element_type=\"container\">\n\t\t\t\t\t<div class=\"e-con-inner\">\n\t\t<div class=\"elementor-element elementor-element-fa228d8 e-flex e-con-boxed e-con e-child\" data-id=\"fa228d8\" data-element_type=\"container\">\n\t\t\t\t\t<div class=\"e-con-inner\">\n\t\t\t\t<div class=\"elementor-element elementor-element-44a3906 elementor-position-left elementor-vertical-align-top elementor-widget elementor-widget-image-box\" data-id=\"44a3906\" data-element_type=\"widget\" data-widget_type=\"image-box.default\">\n\t\t\t\t<div class=\"elementor-widget-container\">\n\t\t\t\t\t<div class=\"elementor-image-box-wrapper\"><figure class=\"elementor-image-box-img\"><a href=\"tel:+201555180663\" tabindex=\"-1\"><img fetchpriority=\"high\" decoding=\"async\" width=\"512\" height=\"512\" src=\"https:\/\/sxp-trade.com\/wp-content\/uploads\/2025\/11\/phone.png\" class=\"attachment-full size-full wp-image-1553\" alt=\"\" srcset=\"https:\/\/sxp-trade.com\/wp-content\/uploads\/2025\/11\/phone.png 512w, https:\/\/sxp-trade.com\/wp-content\/uploads\/2025\/11\/phone-300x300.png 300w, https:\/\/sxp-trade.com\/wp-content\/uploads\/2025\/11\/phone-150x150.png 150w\" sizes=\"(max-width: 512px) 100vw, 512px\" \/><\/a><\/figure><div class=\"elementor-image-box-content\"><h3 class=\"elementor-image-box-title\"><a href=\"tel:+201555180663\">+201555180663<\/a><\/h3><\/div><\/div>\t\t\t\t<\/div>\n\t\t\t\t<\/div>\n\t\t\t\t<div class=\"elementor-element elementor-element-7c85712 elementor-position-left elementor-vertical-align-top elementor-widget elementor-widget-image-box\" data-id=\"7c85712\" data-element_type=\"widget\" data-widget_type=\"image-box.default\">\n\t\t\t\t<div class=\"elementor-widget-container\">\n\t\t\t\t\t<div class=\"elementor-image-box-wrapper\"><figure class=\"elementor-image-box-img\"><img decoding=\"async\" width=\"512\" height=\"512\" src=\"https:\/\/sxp-trade.com\/wp-content\/uploads\/2025\/11\/world.png\" class=\"attachment-full size-full wp-image-1557\" alt=\"\" srcset=\"https:\/\/sxp-trade.com\/wp-content\/uploads\/2025\/11\/world.png 512w, https:\/\/sxp-trade.com\/wp-content\/uploads\/2025\/11\/world-300x300.png 300w, https:\/\/sxp-trade.com\/wp-content\/uploads\/2025\/11\/world-150x150.png 150w\" sizes=\"(max-width: 512px) 100vw, 512px\" \/><\/figure><div class=\"elementor-image-box-content\"><h3 class=\"elementor-image-box-title\">Main Mostafa El-Nahas Street \u2013 Next to Al-Manhal School \u2013 Block 12 \u2013 9th District \u2013 Nasr City, Egypt<\/h3><\/div><\/div>\t\t\t\t<\/div>\n\t\t\t\t<\/div>\n\t\t\t\t<div class=\"elementor-element elementor-element-24bbc65 elementor-position-left elementor-vertical-align-top elementor-widget elementor-widget-image-box\" data-id=\"24bbc65\" data-element_type=\"widget\" data-widget_type=\"image-box.default\">\n\t\t\t\t<div class=\"elementor-widget-container\">\n\t\t\t\t\t<div class=\"elementor-image-box-wrapper\"><figure class=\"elementor-image-box-img\"><a href=\"tel:+905386606885\" tabindex=\"-1\"><img fetchpriority=\"high\" decoding=\"async\" width=\"512\" height=\"512\" src=\"https:\/\/sxp-trade.com\/wp-content\/uploads\/2025\/11\/phone.png\" class=\"attachment-full size-full wp-image-1553\" alt=\"\" srcset=\"https:\/\/sxp-trade.com\/wp-content\/uploads\/2025\/11\/phone.png 512w, https:\/\/sxp-trade.com\/wp-content\/uploads\/2025\/11\/phone-300x300.png 300w, https:\/\/sxp-trade.com\/wp-content\/uploads\/2025\/11\/phone-150x150.png 150w\" sizes=\"(max-width: 512px) 100vw, 512px\" \/><\/a><\/figure><div class=\"elementor-image-box-content\"><h3 class=\"elementor-image-box-title\"><a href=\"tel:+905386606885\">+905386606885<\/a><\/h3><\/div><\/div>\t\t\t\t<\/div>\n\t\t\t\t<\/div>\n\t\t\t\t<div class=\"elementor-element elementor-element-9582033 elementor-position-left elementor-vertical-align-top elementor-widget elementor-widget-image-box\" data-id=\"9582033\" data-element_type=\"widget\" data-widget_type=\"image-box.default\">\n\t\t\t\t<div class=\"elementor-widget-container\">\n\t\t\t\t\t<div class=\"elementor-image-box-wrapper\"><figure class=\"elementor-image-box-img\"><img decoding=\"async\" width=\"512\" height=\"512\" src=\"https:\/\/sxp-trade.com\/wp-content\/uploads\/2025\/11\/turkey.png\" class=\"attachment-full size-full wp-image-1555\" alt=\"\" srcset=\"https:\/\/sxp-trade.com\/wp-content\/uploads\/2025\/11\/turkey.png 512w, https:\/\/sxp-trade.com\/wp-content\/uploads\/2025\/11\/turkey-300x300.png 300w, https:\/\/sxp-trade.com\/wp-content\/uploads\/2025\/11\/turkey-150x150.png 150w\" sizes=\"(max-width: 512px) 100vw, 512px\" \/><\/figure><div class=\"elementor-image-box-content\"><h3 class=\"elementor-image-box-title\">Turkey: ORTABAYIR MAH. \u015eA\u0130R \u00c7ELEB\u0130 SK. G\u00dcRTAS \u0130\u015e MERKEZ\u0130 NO: 1 \u0130\u00c7 KAPI NO: 3 KA\u011eITHANE \/ ISTANBUL<\/h3><\/div><\/div>\t\t\t\t<\/div>\n\t\t\t\t<\/div>\n\t\t\t\t\t<\/div>\n\t\t\t\t<\/div>\n\t\t<div class=\"elementor-element elementor-element-f3d20bb e-flex e-con-boxed e-con e-child\" data-id=\"f3d20bb\" data-element_type=\"container\">\n\t\t\t\t\t<div class=\"e-con-inner\">\n\t\t\t\t<div class=\"elementor-element elementor-element-900265f elementor-widget elementor-widget-heading\" data-id=\"900265f\" data-element_type=\"widget\" data-widget_type=\"heading.default\">\n\t\t\t\t<div class=\"elementor-widget-container\">\n\t\t\t\t\t<h2 class=\"elementor-heading-title elementor-size-default\">Leave your inquiry and we will contact you within 24 hours.<\/h2>\t\t\t\t<\/div>\n\t\t\t\t<\/div>\n\t\t\t\t<div class=\"elementor-element elementor-element-47940a4 elementor-button-align-stretch elementor-widget elementor-widget-form\" data-id=\"47940a4\" data-element_type=\"widget\" data-settings=\"{&quot;step_next_label&quot;:&quot;Next&quot;,&quot;step_previous_label&quot;:&quot;Previous&quot;,&quot;button_width&quot;:&quot;100&quot;,&quot;step_type&quot;:&quot;number_text&quot;,&quot;step_icon_shape&quot;:&quot;circle&quot;}\" data-widget_type=\"form.default\">\n\t\t\t\t<div class=\"elementor-widget-container\">\n\t\t\t\t\t\t\t<form class=\"elementor-form\" method=\"post\" name=\"New Form\">\n\t\t\t<input type=\"hidden\" name=\"post_id\" value=\"1255\"\/>\n\t\t\t<input type=\"hidden\" name=\"form_id\" value=\"47940a4\"\/>\n\t\t\t<input type=\"hidden\" name=\"referer_title\" value=\"\" \/>\n\n\t\t\t\n\t\t\t<div class=\"elementor-form-fields-wrapper elementor-labels-above\">\n\t\t\t\t\t\t\t\t<div class=\"elementor-field-type-text elementor-field-group elementor-column elementor-field-group-name elementor-col-50\">\n\t\t\t\t\t\t\t\t\t\t\t\t<label for=\"form-field-name\" class=\"elementor-field-label\">\n\t\t\t\t\t\t\t\tName\t\t\t\t\t\t\t<\/label>\n\t\t\t\t\t\t\t\t\t\t\t\t\t\t<input size=\"1\" type=\"text\" name=\"form_fields[name]\" id=\"form-field-name\" class=\"elementor-field elementor-size-sm  elementor-field-textual\" placeholder=\"Name\">\n\t\t\t\t\t\t\t\t\t\t\t<\/div>\n\t\t\t\t\t\t\t\t<div class=\"elementor-field-type-tel elementor-field-group elementor-column elementor-field-group-field_c7808ed elementor-col-50\">\n\t\t\t\t\t\t\t\t\t\t\t\t<label for=\"form-field-field_c7808ed\" class=\"elementor-field-label\">\n\t\t\t\t\t\t\t\tPhone\t\t\t\t\t\t\t<\/label>\n\t\t\t\t\t\t\t\t<input size=\"1\" type=\"tel\" name=\"form_fields[field_c7808ed]\" id=\"form-field-field_c7808ed\" class=\"elementor-field elementor-size-sm  elementor-field-textual\" placeholder=\"Phone\" pattern=\"[0-9()#&amp;+*-=.]+\" title=\"Only numbers and phone characters (#, -, *, etc) are accepted.\">\n\n\t\t\t\t\t\t<\/div>\n\t\t\t\t\t\t\t\t<div class=\"elementor-field-type-email elementor-field-group elementor-column elementor-field-group-email elementor-col-100 elementor-field-required\">\n\t\t\t\t\t\t\t\t\t\t\t\t<label for=\"form-field-email\" class=\"elementor-field-label\">\n\t\t\t\t\t\t\t\tEmail\t\t\t\t\t\t\t<\/label>\n\t\t\t\t\t\t\t\t\t\t\t\t\t\t<input size=\"1\" type=\"email\" name=\"form_fields[email]\" id=\"form-field-email\" class=\"elementor-field elementor-size-sm  elementor-field-textual\" placeholder=\"Email\" required=\"required\" aria-required=\"true\">\n\t\t\t\t\t\t\t\t\t\t\t<\/div>\n\t\t\t\t\t\t\t\t<div class=\"elementor-field-type-textarea elementor-field-group elementor-column elementor-field-group-message elementor-col-100\">\n\t\t\t\t\t\t\t\t\t\t\t\t<label for=\"form-field-message\" class=\"elementor-field-label\">\n\t\t\t\t\t\t\t\tMessage\t\t\t\t\t\t\t<\/label>\n\t\t\t\t\t\t<textarea class=\"elementor-field-textual elementor-field  elementor-size-sm\" name=\"form_fields[message]\" id=\"form-field-message\" rows=\"4\" placeholder=\"Message\"><\/textarea>\t\t\t\t<\/div>\n\t\t\t\t\t\t\t\t<div class=\"elementor-field-group elementor-column elementor-field-type-submit elementor-col-100 e-form__buttons\">\n\t\t\t\t\t<button type=\"submit\" class=\"elementor-button elementor-size-sm\">\n\t\t\t\t\t\t<span >\n\t\t\t\t\t\t\t\t\t\t\t\t\t\t\t<span class=\" elementor-button-icon\">\n\t\t\t\t\t\t\t\t\t\t\t\t\t\t\t\t\t\t\t\t\t\t\t\t\t\t<\/span>\n\t\t\t\t\t\t\t\t\t\t\t\t\t\t\t\t\t\t\t\t\t\t<span class=\"elementor-button-text\">Send<\/span>\n\t\t\t\t\t\t\t\t\t\t\t\t\t<\/span>\n\t\t\t\t\t<\/button>\n\t\t\t\t<\/div>\n\t\t\t<\/div>\n\t\t<\/form>\n\t\t\t\t\t\t<\/div>\n\t\t\t\t<\/div>\n\t\t\t\t\t<\/div>\n\t\t\t\t<\/div>\n\t\t\t\t\t<\/div>\n\t\t\t\t<\/div>\n\t\t<div class=\"elementor-element elementor-element-5293870 e-flex e-con-boxed e-con e-parent\" data-id=\"5293870\" data-element_type=\"container\">\n\t\t\t\t\t<div class=\"e-con-inner\">\n\t\t<div class=\"elementor-element elementor-element-ad72bb4 e-flex e-con-boxed e-con e-child\" data-id=\"ad72bb4\" data-element_type=\"container\">\n\t\t\t\t\t<div class=\"e-con-inner\">\n\t\t\t\t<div class=\"elementor-element elementor-element-4c6f416 elementor-widget elementor-widget-google_maps\" data-id=\"4c6f416\" data-element_type=\"widget\" data-widget_type=\"google_maps.default\">\n\t\t\t\t<div class=\"elementor-widget-container\">\n\t\t\t\t\t\t\t<div class=\"elementor-custom-embed\">\n\t\t\t<iframe loading=\"lazy\"\n\t\t\t\t\tsrc=\"https:\/\/maps.google.com\/maps?q=%D8%B4%D8%A7%D8%B1%D8%B9%20%D9%85%D8%B5%D8%B7%D9%81%D9%89%20%D8%A7%D9%84%D9%86%D8%AD%D8%A7%D8%B3%20%D8%A7%D9%84%D8%B1%D8%A6%D9%8A%D8%B3%D9%8A%20%E2%80%93%20%D8%A8%D8%AC%D9%88%D8%A7%D8%B1%20%D9%85%D8%AF%D8%B1%D8%B3%D8%A9%20%D8%A7%D9%84%D9%85%D9%86%D9%87%D9%84%20%E2%80%93%20%D8%A8%D9%84%D9%88%D9%83%2012%20%E2%80%93%20%D8%A7%D9%84%D8%AD%D9%8A%20%D8%A7%D9%84%D8%AA%D8%A7%D8%B3%D8%B9%20%E2%80%93%20%D9%85%D8%AF%D9%8A%D9%86%D8%A9%20%D9%86%D8%B5%D8%B1%20%D9%85%D8%B5%D8%B1&#038;t=m&#038;z=10&#038;output=embed&#038;iwloc=near\"\n\t\t\t\t\ttitle=\"\u0634\u0627\u0631\u0639 \u0645\u0635\u0637\u0641\u0649 \u0627\u0644\u0646\u062d\u0627\u0633 \u0627\u0644\u0631\u0626\u064a\u0633\u064a \u2013 \u0628\u062c\u0648\u0627\u0631 \u0645\u062f\u0631\u0633\u0629 \u0627\u0644\u0645\u0646\u0647\u0644 \u2013 \u0628\u0644\u0648\u0643 12 \u2013 \u0627\u0644\u062d\u064a \u0627\u0644\u062a\u0627\u0633\u0639 \u2013 \u0645\u062f\u064a\u0646\u0629 \u0646\u0635\u0631 \u0645\u0635\u0631\"\n\t\t\t\t\taria-label=\"\u0634\u0627\u0631\u0639 \u0645\u0635\u0637\u0641\u0649 \u0627\u0644\u0646\u062d\u0627\u0633 \u0627\u0644\u0631\u0626\u064a\u0633\u064a \u2013 \u0628\u062c\u0648\u0627\u0631 \u0645\u062f\u0631\u0633\u0629 \u0627\u0644\u0645\u0646\u0647\u0644 \u2013 \u0628\u0644\u0648\u0643 12 \u2013 \u0627\u0644\u062d\u064a \u0627\u0644\u062a\u0627\u0633\u0639 \u2013 \u0645\u062f\u064a\u0646\u0629 \u0646\u0635\u0631 \u0645\u0635\u0631\"\n\t\t\t><\/iframe>\n\t\t<\/div>\n\t\t\t\t\t\t<\/div>\n\t\t\t\t<\/div>\n\t\t\t\t\t<\/div>\n\t\t\t\t<\/div>\n\t\t<div class=\"elementor-element elementor-element-bb7516b e-flex e-con-boxed e-con e-child\" data-id=\"bb7516b\" data-element_type=\"container\">\n\t\t\t\t\t<div class=\"e-con-inner\">\n\t\t\t\t<div class=\"elementor-element elementor-element-a7ab3b4 elementor-widget elementor-widget-google_maps\" data-id=\"a7ab3b4\" data-element_type=\"widget\" data-widget_type=\"google_maps.default\">\n\t\t\t\t<div class=\"elementor-widget-container\">\n\t\t\t\t\t\t\t<div class=\"elementor-custom-embed\">\n\t\t\t<iframe loading=\"lazy\"\n\t\t\t\t\tsrc=\"https:\/\/maps.google.com\/maps?q=%D8%AA%D8%B1%D9%83%D9%8A%D8%A7%3AORTABAYIR%20MAH.%20SAIR%20%C3%87ELEBI%20SK.%20G%C3%9CRTAS%20IS%20MERKEZI%20%20NO%3A%201%20I%C3%87%20KAPI%20NO%3A%203%20KAGITHANE%2F%20ISTANBUL&#038;t=m&#038;z=10&#038;output=embed&#038;iwloc=near\"\n\t\t\t\t\ttitle=\"\u062a\u0631\u0643\u064a\u0627:ORTABAYIR MAH. SAIR \u00c7ELEBI SK. G\u00dcRTAS IS MERKEZI  NO: 1 I\u00c7 KAPI NO: 3 KAGITHANE\/ ISTANBUL\"\n\t\t\t\t\taria-label=\"\u062a\u0631\u0643\u064a\u0627:ORTABAYIR MAH. SAIR \u00c7ELEBI SK. G\u00dcRTAS IS MERKEZI  NO: 1 I\u00c7 KAPI NO: 3 KAGITHANE\/ ISTANBUL\"\n\t\t\t><\/iframe>\n\t\t<\/div>\n\t\t\t\t\t\t<\/div>\n\t\t\t\t<\/div>\n\t\t\t\t\t<\/div>\n\t\t\t\t<\/div>\n\t\t\t\t\t<\/div>\n\t\t\t\t<\/div>\n\t\t\t\t<\/div>\n\t\t","protected":false},"excerpt":{"rendered":"<p>Contact us +201555180663 Main Mostafa El-Nahas Street \u2013 Next to Al-Manhal School \u2013 Block 12 \u2013 9th District \u2013 Nasr City, Egypt +905386606885 Turkey: ORTABAYIR MAH. \u015eA\u0130R \u00c7ELEB\u0130 SK. G\u00dcRTAS \u0130\u015e MERKEZ\u0130 NO: 1 \u0130\u00c7 KAPI NO: 3 KA\u011eITHANE \/ ISTANBUL Leave your inquiry and we will contact you within 24 hours.<\/p>\n","protected":false},"author":2,"featured_media":0,"parent":0,"menu_order":0,"comment_status":"closed","ping_status":"closed","template":"","meta":{"_kad_post_transparent":"","_kad_post_title":"hide","_kad_post_layout":"fullwidth","_kad_post_sidebar_id":"","_kad_post_content_style":"unboxed","_kad_post_vertical_padding":"hide","_kad_post_feature":"hide","_kad_post_feature_position":"","_kad_post_header":false,"_kad_post_footer":false,"_kad_post_classname":"","footnotes":""},"class_list":["post-1255","page","type-page","status-publish","hentry"],"aioseo_notices":[],"_links":{"self":[{"href":"https:\/\/sxp-trade.com\/en\/wp-json\/wp\/v2\/pages\/1255","targetHints":{"allow":["GET"]}}],"collection":[{"href":"https:\/\/sxp-trade.com\/en\/wp-json\/wp\/v2\/pages"}],"about":[{"href":"https:\/\/sxp-trade.com\/en\/wp-json\/wp\/v2\/types\/page"}],"author":[{"embeddable":true,"href":"https:\/\/sxp-trade.com\/en\/wp-json\/wp\/v2\/users\/2"}],"replies":[{"embeddable":true,"href":"https:\/\/sxp-trade.com\/en\/wp-json\/wp\/v2\/comments?post=1255"}],"version-history":[{"count":10,"href":"https:\/\/sxp-trade.com\/en\/wp-json\/wp\/v2\/pages\/1255\/revisions"}],"predecessor-version":[{"id":1573,"href":"https:\/\/sxp-trade.com\/en\/wp-json\/wp\/v2\/pages\/1255\/revisions\/1573"}],"wp:attachment":[{"href":"https:\/\/sxp-trade.com\/en\/wp-json\/wp\/v2\/media?parent=1255"}],"curies":[{"name":"wp","href":"https:\/\/api.w.org\/{rel}","templated":true}]}}